{"id":804,"date":"2023-11-15T03:02:57","date_gmt":"2023-11-15T03:02:57","guid":{"rendered":"https:\/\/buecher-books-libros.com\/?page_id=804"},"modified":"2024-05-12T11:47:21","modified_gmt":"2024-05-12T11:47:21","slug":"buecherkauf","status":"publish","type":"page","link":"https:\/\/buecher-books-libros.com\/es\/buecherkauf\/","title":{"rendered":"Neues Futter"},"content":{"rendered":"<div data-elementor-type=\"wp-page\" data-elementor-id=\"804\" class=\"elementor elementor-804\" data-elementor-post-type=\"page\">\n\t\t\t\t<div class=\"elementor-element elementor-element-4c337f3 e-flex e-con-boxed wpr-particle-no wpr-jarallax-no wpr-parallax-no wpr-sticky-section-no wpr-column-slider-no wpr-equal-height-no e-con e-parent\" data-id=\"4c337f3\" data-element_type=\"container\" data-e-type=\"container\">\n\t\t\t\t\t<div class=\"e-con-inner\">\n\t\t\t\t<div class=\"elementor-element elementor-element-ff45ee0 elementor-invisible elementor-widget elementor-widget-heading\" data-id=\"ff45ee0\" data-element_type=\"widget\" data-e-type=\"widget\" data-settings=\"{&quot;_animation&quot;:&quot;zoomInUp&quot;}\" data-widget_type=\"heading.default\">\n\t\t\t\t<div class=\"elementor-widget-container\">\n\t\t\t\t\t<h2 class=\"elementor-heading-title elementor-size-xxl\">\u201eMacht unsere B\u00fccher billiger!\u201c<\/h2>\t\t\t\t<\/div>\n\t\t\t\t<\/div>\n\t\t\t\t<div class=\"elementor-element elementor-element-8e0270a elementor-widget elementor-widget-text-editor\" data-id=\"8e0270a\" data-element_type=\"widget\" data-e-type=\"widget\" data-widget_type=\"text-editor.default\">\n\t\t\t\t<div class=\"elementor-widget-container\">\n\t\t\t\t\t\t\t\t\t<p><span style=\"color: #000000;\">Mit dieser Aufforderung gegen\u00fcber dem Verleger Ernst Rowohlt hat schon Kurt Tucholsky vor vielen Jahrzehnten das Leid des Lesers auf den Punkt gebracht.<\/span><\/p><p><span style=\"color: #000000;\">Daran hat sich nichts ge\u00e4ndert.<\/span><\/p><p><span style=\"color: #000000;\">Ich freue mich daher \u00fcber jeden noch so kleinen Beitrag f\u00fcr den B\u00fccherkauf.<\/span><\/p><p><span style=\"color: #000000;\">Ein Klick auf den Button oder das Photo &#8211; ganz herzlichen Dank!<\/span><\/p>\t\t\t\t\t\t\t\t<\/div>\n\t\t\t\t<\/div>\n\t\t\t\t\t<\/div>\n\t\t\t\t<\/div>\n\t\t<div class=\"elementor-element elementor-element-64287da e-flex e-con-boxed wpr-particle-no wpr-jarallax-no wpr-parallax-no wpr-sticky-section-no wpr-column-slider-no wpr-equal-height-no e-con e-parent\" data-id=\"64287da\" data-element_type=\"container\" data-e-type=\"container\">\n\t\t\t\t\t<div class=\"e-con-inner\">\n\t\t\t\t<div class=\"elementor-element elementor-element-d9fd66b elementor-widget elementor-widget-button\" data-id=\"d9fd66b\" data-element_type=\"widget\" data-e-type=\"widget\" data-widget_type=\"button.default\">\n\t\t\t\t<div class=\"elementor-widget-container\">\n\t\t\t\t\t\t\t\t\t<div class=\"elementor-button-wrapper\">\n\t\t\t\t\t<a class=\"elementor-button elementor-button-link elementor-size-sm\" href=\"https:\/\/www.paypal.com\/donate\/?hosted_button_id=XY8JR5JDFEK2G\">\n\t\t\t\t\t\t<span class=\"elementor-button-content-wrapper\">\n\t\t\t\t\t\t\t\t\t<span class=\"elementor-button-text\">SPENDEN<\/span>\n\t\t\t\t\t<\/span>\n\t\t\t\t\t<\/a>\n\t\t\t\t<\/div>\n\t\t\t\t\t\t\t\t<\/div>\n\t\t\t\t<\/div>\n\t\t\t\t\t<\/div>\n\t\t\t\t<\/div>\n\t\t\t\t<\/div>","protected":false},"excerpt":{"rendered":"<p>\u201eMacht unsere B\u00fccher billiger!\u201c Mit dieser Aufforderung gegen\u00fcber dem Verleger Ernst Rowohlt hat schon Kurt Tucholsky vor vielen Jahrzehnten das Leid des Lesers auf den Punkt gebracht. Daran hat sich nichts ge\u00e4ndert. Ich freue mich daher \u00fcber jeden noch so kleinen Beitrag f\u00fcr den B\u00fccherkauf. Ein Klick auf den Button oder das Photo &#8211; ganz herzlichen Dank! SPENDEN<\/p>","protected":false},"author":1,"featured_media":0,"parent":0,"menu_order":0,"comment_status":"closed","ping_status":"closed","template":"","meta":{"footnotes":""},"class_list":["post-804","page","type-page","status-publish","hentry"],"_links":{"self":[{"href":"https:\/\/buecher-books-libros.com\/es\/wp-json\/wp\/v2\/pages\/804"}],"collection":[{"href":"https:\/\/buecher-books-libros.com\/es\/wp-json\/wp\/v2\/pages"}],"about":[{"href":"https:\/\/buecher-books-libros.com\/es\/wp-json\/wp\/v2\/types\/page"}],"author":[{"embeddable":true,"href":"https:\/\/buecher-books-libros.com\/es\/wp-json\/wp\/v2\/users\/1"}],"replies":[{"embeddable":true,"href":"https:\/\/buecher-books-libros.com\/es\/wp-json\/wp\/v2\/comments?post=804"}],"version-history":[{"count":54,"href":"https:\/\/buecher-books-libros.com\/es\/wp-json\/wp\/v2\/pages\/804\/revisions"}],"predecessor-version":[{"id":1513,"href":"https:\/\/buecher-books-libros.com\/es\/wp-json\/wp\/v2\/pages\/804\/revisions\/1513"}],"wp:attachment":[{"href":"https:\/\/buecher-books-libros.com\/es\/wp-json\/wp\/v2\/media?parent=804"}],"curies":[{"name":"wp","href":"https:\/\/api.w.org\/{rel}","templated":true}]}}