{"id":609,"date":"2023-10-23T21:06:31","date_gmt":"2023-10-23T21:06:31","guid":{"rendered":"https:\/\/buecher-books-libros.com\/?page_id=609"},"modified":"2024-08-18T12:45:41","modified_gmt":"2024-08-18T12:45:41","slug":"bedenkenswert","status":"publish","type":"page","link":"https:\/\/buecher-books-libros.com\/es\/bedenkenswert\/","title":{"rendered":"Bedenkenswert"},"content":{"rendered":"<div data-elementor-type=\"wp-post\" data-elementor-id=\"609\" class=\"elementor elementor-609\" data-elementor-post-type=\"page\">\n\t\t\t\t<div class=\"elementor-element elementor-element-583d036 e-flex e-con-boxed wpr-particle-no wpr-jarallax-no wpr-parallax-no wpr-sticky-section-no wpr-column-slider-no wpr-equal-height-no e-con e-parent\" data-id=\"583d036\" data-element_type=\"container\" data-e-type=\"container\">\n\t\t\t\t\t<div class=\"e-con-inner\">\n\t\t\t\t<div class=\"elementor-element elementor-element-5df1f52 elementor-widget-divider--view-line elementor-widget elementor-widget-divider\" data-id=\"5df1f52\" data-element_type=\"widget\" data-e-type=\"widget\" data-widget_type=\"divider.default\">\n\t\t\t\t<div class=\"elementor-widget-container\">\n\t\t\t\t\t\t\t<div class=\"elementor-divider\">\n\t\t\t<span class=\"elementor-divider-separator\">\n\t\t\t\t\t\t<\/span>\n\t\t<\/div>\n\t\t\t\t\t\t<\/div>\n\t\t\t\t<\/div>\n\t\t\t\t\t<\/div>\n\t\t\t\t<\/div>\n\t\t<div class=\"elementor-element elementor-element-6ec93c8 e-flex e-con-boxed wpr-particle-no wpr-jarallax-no wpr-parallax-no wpr-sticky-section-no wpr-column-slider-no wpr-equal-height-no e-con e-parent\" data-id=\"6ec93c8\" data-element_type=\"container\" data-e-type=\"container\">\n\t\t\t\t\t<div class=\"e-con-inner\">\n\t\t\t\t<div class=\"elementor-element elementor-element-dddf653 elementor-widget__width-initial elementor-widget elementor-widget-text-editor\" data-id=\"dddf653\" data-element_type=\"widget\" data-e-type=\"widget\" data-widget_type=\"text-editor.default\">\n\t\t\t\t<div class=\"elementor-widget-container\">\n\t\t\t\t\t\t\t\t\t<p><span style=\"color: #000000;\">Ich sto\u00dfe immer wieder auf besondere S\u00e4tze, die beeindrucken, weil sie mit einer bewundernswerten Formulierungs- und Verdichtungskraft Dinge auf den Punkt bringen.<\/span><\/p><p><span style=\"color: #000000;\">Einige dieser S\u00e4tze will ich unter dieser Rubrik im Laufe der Zeit zusammenstellen.<\/span><\/p>\t\t\t\t\t\t\t\t<\/div>\n\t\t\t\t<\/div>\n\t\t\t\t\t<\/div>\n\t\t\t\t<\/div>\n\t\t<div class=\"elementor-element elementor-element-e8c4f03 e-flex e-con-boxed wpr-particle-no wpr-jarallax-no wpr-parallax-no wpr-sticky-section-no wpr-column-slider-no wpr-equal-height-no e-con e-parent\" data-id=\"e8c4f03\" data-element_type=\"container\" data-e-type=\"container\">\n\t\t\t\t\t<div class=\"e-con-inner\">\n\t\t\t\t<div class=\"elementor-element elementor-element-a5df3c4 elementor-widget-divider--view-line elementor-widget elementor-widget-divider\" data-id=\"a5df3c4\" data-element_type=\"widget\" data-e-type=\"widget\" data-widget_type=\"divider.default\">\n\t\t\t\t<div class=\"elementor-widget-container\">\n\t\t\t\t\t\t\t<div class=\"elementor-divider\">\n\t\t\t<span class=\"elementor-divider-separator\">\n\t\t\t\t\t\t<\/span>\n\t\t<\/div>\n\t\t\t\t\t\t<\/div>\n\t\t\t\t<\/div>\n\t\t\t\t\t<\/div>\n\t\t\t\t<\/div>\n\t\t<div class=\"elementor-element elementor-element-10ed5a3 e-flex e-con-boxed wpr-particle-no wpr-jarallax-no wpr-parallax-no wpr-sticky-section-no wpr-column-slider-no wpr-equal-height-no e-con e-parent\" data-id=\"10ed5a3\" data-element_type=\"container\" data-e-type=\"container\">\n\t\t\t\t\t<div class=\"e-con-inner\">\n\t\t\t\t<div class=\"elementor-element elementor-element-da7f02f elementor-blockquote--skin-quotation elementor-widget elementor-widget-blockquote\" data-id=\"da7f02f\" data-element_type=\"widget\" data-e-type=\"widget\" data-widget_type=\"blockquote.default\">\n\t\t\t\t<div class=\"elementor-widget-container\">\n\t\t\t\t\t\t\t<blockquote class=\"elementor-blockquote\">\n\t\t\t<p class=\"elementor-blockquote__content\">\n\t\t\t\t\u201eDie Vergangenheit wird zur Gegenwart, sobald Du sie ber\u00fchrst. Es spielt keine Rolle, ob Du in ihr interveniert hast, es spielt keine Rolle wie unschuldig oder frei Du Dich f\u00fchlst\u201c. \t\t\t<\/p>\n\t\t\t\t\t\t\t<div class=\"e-q-footer\">\n\t\t\t\t\t\t\t\t\t\t\t<cite class=\"elementor-blockquote__author\">Sergio del Molino <br>Los alemanes<\/cite>\n\t\t\t\t\t\t\t\t\t\t\t\t\t\t<\/div>\n\t\t\t\t\t<\/blockquote>\n\t\t\t\t\t\t<\/div>\n\t\t\t\t<\/div>\n\t\t\t\t<div class=\"elementor-element elementor-element-7183502 elementor-blockquote--skin-quotation elementor-widget elementor-widget-blockquote\" data-id=\"7183502\" data-element_type=\"widget\" data-e-type=\"widget\" data-widget_type=\"blockquote.default\">\n\t\t\t\t<div class=\"elementor-widget-container\">\n\t\t\t\t\t\t\t<blockquote class=\"elementor-blockquote\">\n\t\t\t<p class=\"elementor-blockquote__content\">\n\t\t\t\t\u201eNur weil du keine Wolken verschieben kannst, willst Du Ameisen z\u00e4hlen\u201c?\t\t\t<\/p>\n\t\t\t\t\t\t\t<div class=\"e-q-footer\">\n\t\t\t\t\t\t\t\t\t\t\t<cite class=\"elementor-blockquote__author\">Botho Strauss <br>Der Fortf\u00fchrer<\/cite>\n\t\t\t\t\t\t\t\t\t\t\t\t\t\t<\/div>\n\t\t\t\t\t<\/blockquote>\n\t\t\t\t\t\t<\/div>\n\t\t\t\t<\/div>\n\t\t\t\t<div class=\"elementor-element elementor-element-9c7dfeb elementor-blockquote--skin-quotation elementor-widget elementor-widget-blockquote\" data-id=\"9c7dfeb\" data-element_type=\"widget\" data-e-type=\"widget\" data-widget_type=\"blockquote.default\">\n\t\t\t\t<div class=\"elementor-widget-container\">\n\t\t\t\t\t\t\t<blockquote class=\"elementor-blockquote\">\n\t\t\t<p class=\"elementor-blockquote__content\">\n\t\t\t\t\u201eIndem man die Dinge falsch benennt, tr\u00e4gt man zum \u00dcbel in der Welt bei.\u201c\t\t\t<\/p>\n\t\t\t\t\t\t\t<div class=\"e-q-footer\">\n\t\t\t\t\t\t\t\t\t\t\t<cite class=\"elementor-blockquote__author\">Albert Camus<\/cite>\n\t\t\t\t\t\t\t\t\t\t\t\t\t\t<\/div>\n\t\t\t\t\t<\/blockquote>\n\t\t\t\t\t\t<\/div>\n\t\t\t\t<\/div>\n\t\t\t\t<div class=\"elementor-element elementor-element-768d29b elementor-blockquote--skin-quotation elementor-widget elementor-widget-blockquote\" data-id=\"768d29b\" data-element_type=\"widget\" data-e-type=\"widget\" data-widget_type=\"blockquote.default\">\n\t\t\t\t<div class=\"elementor-widget-container\">\n\t\t\t\t\t\t\t<blockquote class=\"elementor-blockquote\">\n\t\t\t<p class=\"elementor-blockquote__content\">\n\t\t\t\t\u201eDas Leben ist wie ein Boot. Sobald du dich von deinem ersten Anker l\u00f6st \u2013 dem Scho\u00df deiner Mutter \u2013, wirst du von unerwarteten Str\u00f6mungen davongetragen. Doch wenn es dir gelingt, dein Boot mit gen\u00fcgend Hoffnung, Selbstvertrauen, Mitgef\u00fchl und Neugier zu f\u00fcllen, wirst du allen St\u00fcrmen standhalten k\u00f6nnen.\u201e\t\t\t<\/p>\n\t\t\t\t\t\t\t<div class=\"e-q-footer\">\n\t\t\t\t\t\t\t\t\t\t\t<cite class=\"elementor-blockquote__author\">Nguy\u1ec5n Phan Qu\u1ebf Mai <br>Wo die Asche bl\u00fcht<\/cite>\n\t\t\t\t\t\t\t\t\t\t\t\t\t\t<\/div>\n\t\t\t\t\t<\/blockquote>\n\t\t\t\t\t\t<\/div>\n\t\t\t\t<\/div>\n\t\t\t\t<div class=\"elementor-element elementor-element-1f3bc73 elementor-blockquote--skin-quotation elementor-widget elementor-widget-blockquote\" data-id=\"1f3bc73\" data-element_type=\"widget\" data-e-type=\"widget\" data-widget_type=\"blockquote.default\">\n\t\t\t\t<div class=\"elementor-widget-container\">\n\t\t\t\t\t\t\t<blockquote class=\"elementor-blockquote\">\n\t\t\t<p class=\"elementor-blockquote__content\">\n\t\t\t\t\u201eSchlimm ist der Autismus der Propheten, die \u00fcber ihrer Mission die Koordination mit der Umwelt aus den Augen verlieren.\u201c\t\t\t<\/p>\n\t\t\t\t\t\t\t<div class=\"e-q-footer\">\n\t\t\t\t\t\t\t\t\t\t\t<cite class=\"elementor-blockquote__author\">Peter Sloterdijk  Zeilen und Tage, <br>Notizen 2008-2011<\/cite>\n\t\t\t\t\t\t\t\t\t\t\t\t\t\t<\/div>\n\t\t\t\t\t<\/blockquote>\n\t\t\t\t\t\t<\/div>\n\t\t\t\t<\/div>\n\t\t\t\t<div class=\"elementor-element elementor-element-67f11d8 elementor-blockquote--skin-quotation elementor-widget elementor-widget-blockquote\" data-id=\"67f11d8\" data-element_type=\"widget\" data-e-type=\"widget\" data-widget_type=\"blockquote.default\">\n\t\t\t\t<div class=\"elementor-widget-container\">\n\t\t\t\t\t\t\t<blockquote class=\"elementor-blockquote\">\n\t\t\t<p class=\"elementor-blockquote__content\">\n\t\t\t\t\u201eWie k\u00f6nnen wir unser eigenes Leben richtig verstehen, wenn wir unsere Eltern nicht verstanden haben. In ihren Lebensgeschichten verstecken sich Hinweise, die f\u00fcr unser Verst\u00e4ndnis von uns selbst wesentlich sind. Erst wenn wir unsere Eltern als Menschen betrachten die Geschichten zu erz\u00e4hlen haben, k\u00f6nnen wir endlich auch jene Teile von uns selbst verstehen, die wir von Ihnen geerbt haben\u201c.\t\t\t<\/p>\n\t\t\t\t\t\t\t<div class=\"e-q-footer\">\n\t\t\t\t\t\t\t\t\t\t\t<cite class=\"elementor-blockquote__author\">Rhee Kun Hoo <br>Wenn Du schon Hundert wirst, kannst Du genauso gut auch gl\u00fccklich sein <\/cite>\n\t\t\t\t\t\t\t\t\t\t\t\t\t\t<\/div>\n\t\t\t\t\t<\/blockquote>\n\t\t\t\t\t\t<\/div>\n\t\t\t\t<\/div>\n\t\t\t\t\t<\/div>\n\t\t\t\t<\/div>\n\t\t\t\t<\/div>","protected":false},"excerpt":{"rendered":"<p>Ich sto\u00dfe immer wieder auf besondere S\u00e4tze, die beeindrucken, weil sie mit einer bewundernswerten Formulierungs- und Verdichtungskraft Dinge auf den Punkt bringen. Einige dieser S\u00e4tze will ich unter dieser Rubrik im Laufe der Zeit zusammenstellen. \u201eDie Vergangenheit wird zur Gegenwart, sobald Du sie ber\u00fchrst. Es spielt keine Rolle, ob Du in ihr interveniert hast, es spielt keine Rolle wie unschuldig oder frei Du Dich f\u00fchlst\u201c. Sergio del Molino Los alemanes \u201eNur weil du keine Wolken verschieben kannst, willst Du Ameisen z\u00e4hlen\u201c? Botho Strauss Der Fortf\u00fchrer \u201eIndem man die Dinge falsch benennt, tr\u00e4gt man zum \u00dcbel in der Welt bei.\u201c Albert Camus \u201eDas Leben ist wie ein Boot. Sobald du dich von deinem ersten Anker l\u00f6st \u2013 dem Scho\u00df deiner Mutter \u2013, wirst du von unerwarteten Str\u00f6mungen davongetragen. Doch wenn es dir gelingt, dein Boot mit gen\u00fcgend Hoffnung, Selbstvertrauen, Mitgef\u00fchl und Neugier zu f\u00fcllen, wirst du allen St\u00fcrmen standhalten k\u00f6nnen.\u201e Nguy\u1ec5n Phan Qu\u1ebf Mai Wo die Asche bl\u00fcht \u201eSchlimm ist der Autismus der Propheten, die \u00fcber ihrer Mission die Koordination mit der Umwelt aus den Augen verlieren.\u201c Peter Sloterdijk Zeilen und Tage, Notizen 2008-2011 \u201eWie k\u00f6nnen wir unser eigenes Leben richtig verstehen, wenn wir unsere Eltern nicht verstanden haben. In ihren Lebensgeschichten verstecken sich Hinweise, die f\u00fcr unser Verst\u00e4ndnis von uns selbst wesentlich sind. Erst wenn wir unsere Eltern als Menschen betrachten die Geschichten zu erz\u00e4hlen haben, k\u00f6nnen wir endlich auch jene Teile von uns selbst verstehen, die wir von Ihnen geerbt haben\u201c. Rhee Kun Hoo Wenn Du schon Hundert wirst, kannst Du genauso gut auch gl\u00fccklich sein<\/p>","protected":false},"author":1,"featured_media":0,"parent":0,"menu_order":0,"comment_status":"closed","ping_status":"closed","template":"","meta":{"footnotes":""},"class_list":["post-609","page","type-page","status-publish","hentry"],"_links":{"self":[{"href":"https:\/\/buecher-books-libros.com\/es\/wp-json\/wp\/v2\/pages\/609"}],"collection":[{"href":"https:\/\/buecher-books-libros.com\/es\/wp-json\/wp\/v2\/pages"}],"about":[{"href":"https:\/\/buecher-books-libros.com\/es\/wp-json\/wp\/v2\/types\/page"}],"author":[{"embeddable":true,"href":"https:\/\/buecher-books-libros.com\/es\/wp-json\/wp\/v2\/users\/1"}],"replies":[{"embeddable":true,"href":"https:\/\/buecher-books-libros.com\/es\/wp-json\/wp\/v2\/comments?post=609"}],"version-history":[{"count":28,"href":"https:\/\/buecher-books-libros.com\/es\/wp-json\/wp\/v2\/pages\/609\/revisions"}],"predecessor-version":[{"id":1706,"href":"https:\/\/buecher-books-libros.com\/es\/wp-json\/wp\/v2\/pages\/609\/revisions\/1706"}],"wp:attachment":[{"href":"https:\/\/buecher-books-libros.com\/es\/wp-json\/wp\/v2\/media?parent=609"}],"curies":[{"name":"wp","href":"https:\/\/api.w.org\/{rel}","templated":true}]}}