{"id":602,"date":"2023-10-23T20:52:24","date_gmt":"2023-10-23T20:52:24","guid":{"rendered":"https:\/\/buecher-books-libros.com\/?page_id=602"},"modified":"2024-08-18T13:16:24","modified_gmt":"2024-08-18T13:16:24","slug":"schwerpunkte","status":"publish","type":"page","link":"https:\/\/buecher-books-libros.com\/es\/schwerpunkte\/","title":{"rendered":"Schwerpunkte"},"content":{"rendered":"<div data-elementor-type=\"wp-post\" data-elementor-id=\"602\" class=\"elementor elementor-602\" data-elementor-post-type=\"page\">\n\t\t\t\t<div class=\"elementor-element elementor-element-2b88f37 e-flex e-con-boxed wpr-particle-no wpr-jarallax-no wpr-parallax-no wpr-sticky-section-no wpr-column-slider-no wpr-equal-height-no e-con e-parent\" data-id=\"2b88f37\" data-element_type=\"container\" data-e-type=\"container\" data-settings=\"{&quot;background_background&quot;:&quot;classic&quot;}\">\n\t\t\t\t\t<div class=\"e-con-inner\">\n\t\t\t\t<div class=\"elementor-element elementor-element-3cee772 elementor-widget-divider--view-line elementor-widget elementor-widget-divider\" data-id=\"3cee772\" data-element_type=\"widget\" data-e-type=\"widget\" data-widget_type=\"divider.default\">\n\t\t\t\t<div class=\"elementor-widget-container\">\n\t\t\t\t\t\t\t<div class=\"elementor-divider\">\n\t\t\t<span class=\"elementor-divider-separator\">\n\t\t\t\t\t\t<\/span>\n\t\t<\/div>\n\t\t\t\t\t\t<\/div>\n\t\t\t\t<\/div>\n\t\t\t\t<div class=\"elementor-element elementor-element-64621ab elementor-widget elementor-widget-text-editor\" data-id=\"64621ab\" data-element_type=\"widget\" data-e-type=\"widget\" data-widget_type=\"text-editor.default\">\n\t\t\t\t<div class=\"elementor-widget-container\">\n\t\t\t\t\t\t\t\t\t<p><span style=\"color: #000000;\">Im Laufe eines Lese-Lebens bilden sich bestimmte Themen heraus, die man \u00fcber l\u00e4ngere Zeit im Auge beh\u00e4lt und vertiefen m\u00f6chte, manche verlieren an Bedeutung, neue kommen hinzu.<\/span><\/p><p><span style=\"color: #000000;\">Das gilt auch f\u00fcr Autoren, von denen und \u00fcber die man gerne mehr oder alles lesen m\u00f6chte.<\/span><\/p><p><span style=\"color: #000000;\">Auch wenn die aufgef\u00fchrten B\u00fccher (noch) nicht alle gelesen sind, ist vielleicht doch die eine oder andere Anregung f\u00fcr eine Besch\u00e4ftigung mit Thema oder Autor dabei.\u00a0<\/span><\/p><p><span style=\"color: #000000;\">Eine kleine Zusammenstellung, die immer mal wieder aktualisiert wird, findet sich hier, aufgeteilt nach thematischen Interessenschwerpunkten und Autoren.<\/span><\/p>\t\t\t\t\t\t\t\t<\/div>\n\t\t\t\t<\/div>\n\t\t\t\t\t<\/div>\n\t\t\t\t<\/div>\n\t\t<div class=\"elementor-element elementor-element-866ec0d e-flex e-con-boxed wpr-particle-no wpr-jarallax-no wpr-parallax-no wpr-sticky-section-no wpr-column-slider-no wpr-equal-height-no e-con e-parent\" data-id=\"866ec0d\" data-element_type=\"container\" data-e-type=\"container\">\n\t\t\t\t\t<div class=\"e-con-inner\">\n\t\t\t\t<div class=\"elementor-element elementor-element-34367c7 elementor-widget-divider--view-line elementor-widget elementor-widget-divider\" data-id=\"34367c7\" data-element_type=\"widget\" data-e-type=\"widget\" data-widget_type=\"divider.default\">\n\t\t\t\t<div class=\"elementor-widget-container\">\n\t\t\t\t\t\t\t<div class=\"elementor-divider\">\n\t\t\t<span class=\"elementor-divider-separator\">\n\t\t\t\t\t\t<\/span>\n\t\t<\/div>\n\t\t\t\t\t\t<\/div>\n\t\t\t\t<\/div>\n\t\t\t\t\t<\/div>\n\t\t\t\t<\/div>\n\t\t<div class=\"elementor-element elementor-element-14712cf e-flex e-con-boxed wpr-particle-no wpr-jarallax-no wpr-parallax-no wpr-sticky-section-no wpr-column-slider-no wpr-equal-height-no e-con e-parent\" data-id=\"14712cf\" data-element_type=\"container\" data-e-type=\"container\">\n\t\t\t\t\t<div class=\"e-con-inner\">\n\t\t\t\t<div class=\"elementor-element elementor-element-068c34a elementor-widget elementor-widget-heading\" data-id=\"068c34a\" data-element_type=\"widget\" data-e-type=\"widget\" data-widget_type=\"heading.default\">\n\t\t\t\t<div class=\"elementor-widget-container\">\n\t\t\t\t\t<h2 class=\"elementor-heading-title elementor-size-default\">Themen<\/h2>\t\t\t\t<\/div>\n\t\t\t\t<\/div>\n\t\t\t\t<div class=\"elementor-element elementor-element-9ce86cb elementor-widget elementor-widget-text-editor\" data-id=\"9ce86cb\" data-element_type=\"widget\" data-e-type=\"widget\" data-widget_type=\"text-editor.default\">\n\t\t\t\t<div class=\"elementor-widget-container\">\n\t\t\t\t\t\t\t\t\t<h4>Autobiographien:<\/h4><p>Biermann, Wolf: Warte nicht auf bessre Zeiten!<\/p><p>Neruda, Pablo: Confieso que he vivido<\/p><p>Sch\u00e4uble, Wolfgang: Erinnerungen<\/p>\t\t\t\t\t\t\t\t<\/div>\n\t\t\t\t<\/div>\n\t\t\t\t<div class=\"elementor-element elementor-element-6d2e47d elementor-widget elementor-widget-text-editor\" data-id=\"6d2e47d\" data-element_type=\"widget\" data-e-type=\"widget\" data-widget_type=\"text-editor.default\">\n\t\t\t\t<div class=\"elementor-widget-container\">\n\t\t\t\t\t\t\t\t\t<h4>Biographien:<\/h4><p>Beys, Barbara: Sophie Scholl<\/p><p>Deckar, Gunnar: Franz von Assisi<\/p><p>J\u00e4ger, Lorenz: Heidegger. Ein deutsches Leben<\/p><p>Karlauf, Thomas: Stauffenberg. Portr\u00e4t eines Attent\u00e4ters<\/p><p>Kaube, J\u00fcrgen: Max Weber. Ein Leben zwischen den Epochen<\/p><p>Kaube, J\u00fcrgen: Hegels Welt<\/p><p>Kiesel, Helmuth: Ernst J\u00fcnger<\/p><p>Meyer, Thomas: Hannah Arendt<\/p><p>Neffe, J\u00fcrgen: Marx. Der Unvollendete<\/p><p>Hazareesingh, Sudhir: Black Spartakus. Das gro\u00dfe Leben des Toussaint Louverture<\/p><p>Radkau, Joachim: Theodor Heuss<\/p><p>Sebestyen, Victor: Lenin. Ein Leben<\/p><p>Willaschek, Markus: Kant. Die Revolution des Denkens<\/p>\t\t\t\t\t\t\t\t<\/div>\n\t\t\t\t<\/div>\n\t\t\t\t<div class=\"elementor-element elementor-element-e1232c6 elementor-widget elementor-widget-text-editor\" data-id=\"e1232c6\" data-element_type=\"widget\" data-e-type=\"widget\" data-widget_type=\"text-editor.default\">\n\t\t\t\t<div class=\"elementor-widget-container\">\n\t\t\t\t\t\t\t\t\t<h4>Deutsche Geschichte:<\/h4><p>Bong, J\u00f6rg: Die Flamme der Freiheit (Bd.1 der Trilogie)<\/p><p>Clark, Christopher: Preu\u00dfen. Aufstieg und Niedergang.1600-1947<\/p><p>Demandt, Alexander: \u00dcber die Deutschen. Eine kleine Kulturgeschichte<\/p><p>Fahrmeier, Andreas (Hg.): Deutschland. Globalgeschichte einer Nation<\/p><p>MacGregor, Neill: Germany. Memories of a Nation<\/p><p>M\u00fcnkler, Herfried: Marx, Wagner, Nietzsche. Welt im Umbruch<\/p><p>Die Deutschen und ihre Mythen<\/p><p>Nonn, Christoph: 12 Tage und ein halbes Jahrhundert. Eine Geschichte des deutschen Kaiserreiches 1871-1918<\/p><p>Stern, Fritz: Five Germanys I have known<\/p><p>Winkler, Heinrich August: Wie wir wurden, was wir sind. Eine kurze Geschichte der Deutschen<\/p>\t\t\t\t\t\t\t\t<\/div>\n\t\t\t\t<\/div>\n\t\t\t\t<div class=\"elementor-element elementor-element-f996203 elementor-widget elementor-widget-text-editor\" data-id=\"f996203\" data-element_type=\"widget\" data-e-type=\"widget\" data-widget_type=\"text-editor.default\">\n\t\t\t\t<div class=\"elementor-widget-container\">\n\t\t\t\t\t\t\t\t\t<h4>Europ\u00e4ische Politik und Geschichte:<\/h4><p>Clark, Christopher: Fr\u00fchling der Revolution. Europa 1848\/49 und der Kampf f\u00fcr eine neue Welt<\/p><p>Die Schlafwandler. Wie Europa in den Ersten Weltkrieg zog<\/p><p>Evans, Richard J.: Das europ\u00e4ische Jahrhundert. Ein Kontinent im Umbruch 1815-1914<\/p><p>Friedrich, J\u00f6rg: 14\/18. Der Weg nach Versailles<\/p><p>Lentz, Thierry; 1815. Der Weiner Kongress und die Neugr\u00fcndung Europas.<\/p><p>Leonhard, J\u00f6rg: Geschichte des Ersten Weltkrieges<\/p>\t\t\t\t\t\t\t\t<\/div>\n\t\t\t\t<\/div>\n\t\t\t\t<div class=\"elementor-element elementor-element-97fbd60 elementor-widget elementor-widget-text-editor\" data-id=\"97fbd60\" data-element_type=\"widget\" data-e-type=\"widget\" data-widget_type=\"text-editor.default\">\n\t\t\t\t<div class=\"elementor-widget-container\">\n\t\t\t\t\t\t\t\t\t<h4>Internationale Politik und Geschichte:<\/h4><p>Badawi, Zeinab: Eine afrikanische Geschichte Afrikas. Vom Ursprung der Menschheit bis zur Unabh\u00e4ngigkeit<\/p><p>Frankopan, Peter: The silk roads. A new history of the world.<\/p><p>French, Howard W.: Born in Blackness. Africa, Africans and the making of the modern world, 1471 to the Second World War.<\/p><p>Graeber, David; Wengrow, David: Anf\u00e4nge. Eine neue Geschichte der Menschheit<\/p><p>Menzel, Ulrich: Wendepunkte. Am \u00dcbergang zum autorit\u00e4ren Jahrhundert<\/p><p>M\u00fcnkler, Herfried: Welt in Aufruhr. Die Ordnung der M\u00e4chte im 21. Jahrhundert<\/p><p>M\u00fcnkler, Marina: Anbruch der neuen Zeit. Das dramatische 16. Jahrhundert<\/p><p>Schl\u00e4gel, Karl: American Matrix. Besichtigung einer Epoche<\/p>\t\t\t\t\t\t\t\t<\/div>\n\t\t\t\t<\/div>\n\t\t\t\t<div class=\"elementor-element elementor-element-1fe31c8 elementor-widget elementor-widget-text-editor\" data-id=\"1fe31c8\" data-element_type=\"widget\" data-e-type=\"widget\" data-widget_type=\"text-editor.default\">\n\t\t\t\t<div class=\"elementor-widget-container\">\n\t\t\t\t\t\t\t\t\t<h4>Demokratieentwicklung, -gef\u00e4hrdung:<\/h4><p>Mounk, Yascha: Im Zeitalter der Identit\u00e4t. Der Aufstieg einer gef\u00e4hrlichen Idee<\/p><p>Selk, Veith: Demokratied\u00e4mmerung. Eine Kritik der Demokratietheorie<\/p>\t\t\t\t\t\t\t\t<\/div>\n\t\t\t\t<\/div>\n\t\t\t\t\t<\/div>\n\t\t\t\t<\/div>\n\t\t<div class=\"elementor-element elementor-element-a62d302 e-flex e-con-boxed wpr-particle-no wpr-jarallax-no wpr-parallax-no wpr-sticky-section-no wpr-column-slider-no wpr-equal-height-no e-con e-parent\" data-id=\"a62d302\" data-element_type=\"container\" data-e-type=\"container\">\n\t\t\t\t\t<div class=\"e-con-inner\">\n\t\t\t\t<div class=\"elementor-element elementor-element-2b36cfb elementor-widget elementor-widget-heading\" data-id=\"2b36cfb\" data-element_type=\"widget\" data-e-type=\"widget\" data-widget_type=\"heading.default\">\n\t\t\t\t<div class=\"elementor-widget-container\">\n\t\t\t\t\t<h2 class=\"elementor-heading-title elementor-size-default\">Autoren<\/h2>\t\t\t\t<\/div>\n\t\t\t\t<\/div>\n\t\t\t\t<div class=\"elementor-element elementor-element-5d4661a elementor-widget elementor-widget-text-editor\" data-id=\"5d4661a\" data-element_type=\"widget\" data-e-type=\"widget\" data-widget_type=\"text-editor.default\">\n\t\t\t\t<div class=\"elementor-widget-container\">\n\t\t\t\t\t\t\t\t\t<h4>Leonardo Padura:<\/h4><p>Anst\u00e4ndige Leute\u00a0\u00a0 \/ Personas decentes<\/p><p>Der Mann, der Hunde liebte \/ El hombre que amaba a los perros<\/p><p>Wie Staub im Wind\u00a0 \/ Como polvo en el viento<\/p><p>Neun N\u00e4chte mit Violeta \/ Nueve noches con Violeta del Rio<\/p><p>Ketzer \/ Herejes<\/p><p>Die Durchl\u00e4ssigkeit der Zeit \/ La transparencia del tiempo<\/p><p>Die Palme und der Stern \/ La novela de mi vida<\/p><p><u>Serie: Mario Conde<\/u><\/p><ul><li>Pasado Perfecto<\/li><li>Vientos de cuaresma<\/li><li>Adi\u00f3s, Hemigway<\/li><li>M\u00e1scaras<\/li><li>Der Nebel von gestern \/ La neblina de ayer<\/li><li>Paisaje de oto\u00f1o<\/li><\/ul><p>\u00a0<\/p><p>Der Schwanz der Schlange \/ La cola\u00a0 de la serpiente<\/p><p>Mit Laurent Cantet: Regreso a \u00ectaca<\/p><p><u>Das Havanna Quartett:<\/u><\/p><ul><li>Fr\u00fchling: Handel der Gef\u00fchle \/<\/li><li>Sommer: Labyrinth der Masken<\/li><li>Herbst: Das Meer der Illusionen \/<\/li><li>Winter: Ein perfektes Leben \/<\/li><\/ul>\t\t\t\t\t\t\t\t<\/div>\n\t\t\t\t<\/div>\n\t\t\t\t<div class=\"elementor-element elementor-element-d172549 elementor-widget elementor-widget-text-editor\" data-id=\"d172549\" data-element_type=\"widget\" data-e-type=\"widget\" data-widget_type=\"text-editor.default\">\n\t\t\t\t<div class=\"elementor-widget-container\">\n\t\t\t\t\t\t\t\t\t<h4>Juan Gabriel V\u00e1squez:<\/h4><p>Wenn es an Licht fehlt \/ Volver a la vista atr\u00e1s<\/p><p>Die Gestalt der Ruinen \/ La forma de las ruinas<\/p><p>Das Ger\u00e4usch der Dinge beim Fallen \/ El ruido de las cosas al caer<\/p><p>Die Reputation \/ Las reputaciones<\/p><p>Die Liebenden von Allerheiligen \/ Los amantes de todos los santos<\/p><p>Die geheime Geschichte Costaguanas \/ Historia secreta de Costaguana<\/p><p>Die Informanten \/ Los informantes<\/p>\t\t\t\t\t\t\t\t<\/div>\n\t\t\t\t<\/div>\n\t\t\t\t<div class=\"elementor-element elementor-element-ec5eee7 elementor-widget elementor-widget-text-editor\" data-id=\"ec5eee7\" data-element_type=\"widget\" data-e-type=\"widget\" data-widget_type=\"text-editor.default\">\n\t\t\t\t<div class=\"elementor-widget-container\">\n\t\t\t\t\t\t\t\t\t<h4>Albert Camus:<\/h4><p>Das Exil und das Reich<\/p><p>Vortr\u00e4ge und Reden<\/p><p>Frage der Zeit<\/p><p>Kleine Prosa<\/p><p>Unter dem Zeichen der Freiheit<\/p><p>S\u00e4mtliche Dramen<\/p><p>Hochzeit des Lichts<\/p><p>Der gl\u00fcckliche Tod<\/p><p>Fragen der Zeit<\/p><p>Der Mensch in der Revolte<\/p><p>Der erste Mensch<\/p><p>Die Pest<\/p><p>Der Mythos des Sisyphos<\/p><p>Der Fremde<\/p><p>Tagebuch M\u00e4rz 1951 \u2013 Dezember 1959<\/p><p>Tagebuch 1935 \u2013 1951<\/p><p>\u00a0<\/p><p><span style=\"text-decoration: underline;\">Biographien zu Camus:<\/span><br \/><br \/>Ilse Radisch: Camus: Das Ideal der Einfachheit<\/p><p>Martin Meyer: Albert Camus. Die Freiheit zu leben<\/p><p>Michael Onfray: Im Namen der Freiheit. Leben und Philosophie des Albert Camus<\/p>\t\t\t\t\t\t\t\t<\/div>\n\t\t\t\t<\/div>\n\t\t\t\t<div class=\"elementor-element elementor-element-e3f7750 elementor-widget elementor-widget-text-editor\" data-id=\"e3f7750\" data-element_type=\"widget\" data-e-type=\"widget\" data-widget_type=\"text-editor.default\">\n\t\t\t\t<div class=\"elementor-widget-container\">\n\t\t\t\t\t\t\t\t\t<h4>Hans Fallada:<\/h4><p>Jeder stirbt f\u00fcr sich allein<\/p><p>Heute bei uns zu Hause<\/p><p>Wolf unter W\u00f6lfen<\/p><p>Ein Mann will nach oben<\/p><p>Wer einmal aus dem Blechnapf frisst<\/p><p>Bauern, Bonzen und Bomben<\/p><p>Wir hatten ein Kind<\/p><p>Kleiner Mann was nun?<\/p><p><br \/>Peter Walther: Hans Fallada. Die Biographie<\/p>\t\t\t\t\t\t\t\t<\/div>\n\t\t\t\t<\/div>\n\t\t\t\t<div class=\"elementor-element elementor-element-915d078 elementor-widget elementor-widget-text-editor\" data-id=\"915d078\" data-element_type=\"widget\" data-e-type=\"widget\" data-widget_type=\"text-editor.default\">\n\t\t\t\t<div class=\"elementor-widget-container\">\n\t\t\t\t\t\t\t\t\t<h4>Hermann Hesse:<\/h4><p>Hier empfehle ich die 10-b\u00e4ndige Werkausgabe I im Suhrkampverlag, Taschenbuch in Kassette zum erz\u00e4hlerischen Werk und den Gedichten.<br \/><br \/><span style=\"text-decoration: underline;\">Biographien:<\/span><br \/><br \/>Gunnar Decker: Hesse. Der Wanderer und sein Schatten<\/p><p>Heimo Schwilk: Hermann Hesse. Das Leben des Glasperlenspielers<\/p>\t\t\t\t\t\t\t\t<\/div>\n\t\t\t\t<\/div>\n\t\t\t\t<div class=\"elementor-element elementor-element-507ad75 elementor-widget elementor-widget-text-editor\" data-id=\"507ad75\" data-element_type=\"widget\" data-e-type=\"widget\" data-widget_type=\"text-editor.default\">\n\t\t\t\t<div class=\"elementor-widget-container\">\n\t\t\t\t\t\t\t\t\t<h4>Franz Kafka:<\/h4><p>Hier empfehle ich die 8-b\u00e4ndige Kafka-Kassette des Fischer-Verlages, hrsg. Von Max Brod<\/p><p>Roberto Calassso: K.<br \/><br \/><span style=\"text-decoration: underline;\">Biographien:<\/span><\/p><p>Peter-Andr\u00e9 Alt: Franz Kafka. Der ewige Sohn<\/p><p>Franz Stach: Dreib\u00e4ndige Biographie (Die fr\u00fchen Jahre, Die Jahre der Entscheidungen, Die Jahre der Erkenntnis)<\/p>\t\t\t\t\t\t\t\t<\/div>\n\t\t\t\t<\/div>\n\t\t\t\t\t<\/div>\n\t\t\t\t<\/div>\n\t\t\t\t<\/div>","protected":false},"excerpt":{"rendered":"<p>Im Laufe eines Lese-Lebens bilden sich bestimmte Themen heraus, die man \u00fcber l\u00e4ngere Zeit im Auge beh\u00e4lt und vertiefen m\u00f6chte, manche verlieren an Bedeutung, neue kommen hinzu. Das gilt auch f\u00fcr Autoren, von denen und \u00fcber die man gerne mehr oder alles lesen m\u00f6chte. Auch wenn die aufgef\u00fchrten B\u00fccher (noch) nicht alle gelesen sind, ist vielleicht doch die eine oder andere Anregung f\u00fcr eine Besch\u00e4ftigung mit Thema oder Autor dabei.\u00a0 Eine kleine Zusammenstellung, die immer mal wieder aktualisiert wird, findet sich hier, aufgeteilt nach thematischen Interessenschwerpunkten und Autoren. Themen Autobiographien: Biermann, Wolf: Warte nicht auf bessre Zeiten! Neruda, Pablo: Confieso que he vivido Sch\u00e4uble, Wolfgang: Erinnerungen Biographien: Beys, Barbara: Sophie Scholl Deckar, Gunnar: Franz von Assisi J\u00e4ger, Lorenz: Heidegger. Ein deutsches Leben Karlauf, Thomas: Stauffenberg. Portr\u00e4t eines Attent\u00e4ters Kaube, J\u00fcrgen: Max Weber. Ein Leben zwischen den Epochen Kaube, J\u00fcrgen: Hegels Welt Kiesel, Helmuth: Ernst J\u00fcnger Meyer, Thomas: Hannah Arendt Neffe, J\u00fcrgen: Marx. Der Unvollendete Hazareesingh, Sudhir: Black Spartakus. Das gro\u00dfe Leben des Toussaint Louverture Radkau, Joachim: Theodor Heuss Sebestyen, Victor: Lenin. Ein Leben Willaschek, Markus: Kant. Die Revolution des Denkens Deutsche Geschichte: Bong, J\u00f6rg: Die Flamme der Freiheit (Bd.1 der Trilogie) Clark, Christopher: Preu\u00dfen. Aufstieg und Niedergang.1600-1947 Demandt, Alexander: \u00dcber die Deutschen. Eine kleine Kulturgeschichte Fahrmeier, Andreas (Hg.): Deutschland. Globalgeschichte einer Nation MacGregor, Neill: Germany. Memories of a Nation M\u00fcnkler, Herfried: Marx, Wagner, Nietzsche. Welt im Umbruch Die Deutschen und ihre Mythen Nonn, Christoph: 12 Tage und ein halbes Jahrhundert. Eine Geschichte des deutschen Kaiserreiches 1871-1918 Stern, Fritz: Five Germanys I have known Winkler, Heinrich August: Wie wir wurden, was wir sind. Eine kurze Geschichte der Deutschen Europ\u00e4ische Politik und Geschichte: Clark, Christopher: Fr\u00fchling der Revolution. Europa 1848\/49 und der Kampf f\u00fcr eine neue Welt Die Schlafwandler. Wie Europa in den Ersten Weltkrieg zog Evans, Richard J.: Das europ\u00e4ische Jahrhundert. Ein Kontinent im Umbruch 1815-1914 Friedrich, J\u00f6rg: 14\/18. Der Weg nach Versailles Lentz, Thierry; 1815. Der Weiner Kongress und die Neugr\u00fcndung Europas. Leonhard, J\u00f6rg: Geschichte des Ersten Weltkrieges Internationale Politik und Geschichte: Badawi, Zeinab: Eine afrikanische Geschichte Afrikas. Vom Ursprung der Menschheit bis zur Unabh\u00e4ngigkeit Frankopan, Peter: The silk roads. A new history of the world. French, Howard W.: Born in Blackness. Africa, Africans and the making of the modern world, 1471 to the Second World War. Graeber, David; Wengrow, David: Anf\u00e4nge. Eine neue Geschichte der Menschheit Menzel, Ulrich: Wendepunkte. Am \u00dcbergang zum autorit\u00e4ren Jahrhundert M\u00fcnkler, Herfried: Welt in Aufruhr. Die Ordnung der M\u00e4chte im 21. Jahrhundert M\u00fcnkler, Marina: Anbruch der neuen Zeit. Das dramatische 16. Jahrhundert Schl\u00e4gel, Karl: American Matrix. Besichtigung einer Epoche Demokratieentwicklung, -gef\u00e4hrdung: Mounk, Yascha: Im Zeitalter der Identit\u00e4t. Der Aufstieg einer gef\u00e4hrlichen Idee Selk, Veith: Demokratied\u00e4mmerung. Eine Kritik der Demokratietheorie Autoren Leonardo Padura: Anst\u00e4ndige Leute\u00a0\u00a0 \/ Personas decentes Der Mann, der Hunde liebte \/ El hombre que amaba a los perros Wie Staub im Wind\u00a0 \/ Como polvo en el viento Neun N\u00e4chte mit Violeta \/ Nueve noches con Violeta del Rio Ketzer \/ Herejes Die Durchl\u00e4ssigkeit der Zeit \/ La transparencia del tiempo Die Palme und der Stern \/ La novela de mi vida Serie: Mario Conde Pasado Perfecto Vientos de cuaresma Adi\u00f3s, Hemigway M\u00e1scaras Der Nebel von gestern \/ La neblina de ayer Paisaje de oto\u00f1o \u00a0 Der Schwanz der Schlange \/ La cola\u00a0 de la serpiente Mit Laurent Cantet: Regreso a \u00ectaca Das Havanna Quartett: Fr\u00fchling: Handel der Gef\u00fchle \/ Sommer: Labyrinth der Masken Herbst: Das Meer der Illusionen \/ Winter: Ein perfektes Leben \/ Juan Gabriel V\u00e1squez: Wenn es an Licht fehlt \/ Volver a la vista atr\u00e1s Die Gestalt der Ruinen \/ La forma de las ruinas Das Ger\u00e4usch der Dinge beim Fallen \/ El ruido de las cosas al caer Die Reputation \/ Las reputaciones Die Liebenden von Allerheiligen \/ Los amantes de todos los santos Die geheime Geschichte Costaguanas \/ Historia secreta de Costaguana Die Informanten \/ Los informantes Albert Camus: Das Exil und das Reich Vortr\u00e4ge und Reden Frage der Zeit Kleine Prosa Unter dem Zeichen der Freiheit S\u00e4mtliche Dramen Hochzeit des Lichts Der gl\u00fcckliche Tod Fragen der Zeit Der Mensch in der Revolte Der erste Mensch Die Pest Der Mythos des Sisyphos Der Fremde Tagebuch M\u00e4rz 1951 \u2013 Dezember 1959 Tagebuch 1935 \u2013 1951 \u00a0 Biographien zu Camus: Ilse Radisch: Camus: Das Ideal der Einfachheit Martin Meyer: Albert Camus. Die Freiheit zu leben Michael Onfray: Im Namen der Freiheit. Leben und Philosophie des Albert Camus Hans Fallada: Jeder stirbt f\u00fcr sich allein Heute bei uns zu Hause Wolf unter W\u00f6lfen Ein Mann will nach oben Wer einmal aus dem Blechnapf frisst Bauern, Bonzen und Bomben Wir hatten ein Kind Kleiner Mann was nun? Peter Walther: Hans Fallada. Die Biographie Hermann Hesse: Hier empfehle ich die 10-b\u00e4ndige Werkausgabe I im Suhrkampverlag, Taschenbuch in Kassette zum erz\u00e4hlerischen Werk und den Gedichten. Biographien: Gunnar Decker: Hesse. Der Wanderer und sein Schatten Heimo Schwilk: Hermann Hesse. Das Leben des Glasperlenspielers Franz Kafka: Hier empfehle ich die 8-b\u00e4ndige Kafka-Kassette des Fischer-Verlages, hrsg. Von Max Brod Roberto Calassso: K. Biographien: Peter-Andr\u00e9 Alt: Franz Kafka. Der ewige Sohn Franz Stach: Dreib\u00e4ndige Biographie (Die fr\u00fchen Jahre, Die Jahre der Entscheidungen, Die Jahre der Erkenntnis)<\/p>","protected":false},"author":1,"featured_media":0,"parent":0,"menu_order":0,"comment_status":"closed","ping_status":"closed","template":"","meta":{"footnotes":""},"class_list":["post-602","page","type-page","status-publish","hentry"],"_links":{"self":[{"href":"https:\/\/buecher-books-libros.com\/es\/wp-json\/wp\/v2\/pages\/602"}],"collection":[{"href":"https:\/\/buecher-books-libros.com\/es\/wp-json\/wp\/v2\/pages"}],"about":[{"href":"https:\/\/buecher-books-libros.com\/es\/wp-json\/wp\/v2\/types\/page"}],"author":[{"embeddable":true,"href":"https:\/\/buecher-books-libros.com\/es\/wp-json\/wp\/v2\/users\/1"}],"replies":[{"embeddable":true,"href":"https:\/\/buecher-books-libros.com\/es\/wp-json\/wp\/v2\/comments?post=602"}],"version-history":[{"count":45,"href":"https:\/\/buecher-books-libros.com\/es\/wp-json\/wp\/v2\/pages\/602\/revisions"}],"predecessor-version":[{"id":1746,"href":"https:\/\/buecher-books-libros.com\/es\/wp-json\/wp\/v2\/pages\/602\/revisions\/1746"}],"wp:attachment":[{"href":"https:\/\/buecher-books-libros.com\/es\/wp-json\/wp\/v2\/media?parent=602"}],"curies":[{"name":"wp","href":"https:\/\/api.w.org\/{rel}","templated":true}]}}