{"id":2,"date":"2023-09-20T01:37:23","date_gmt":"2023-09-20T01:37:23","guid":{"rendered":"https:\/\/buecher-books-libros.com\/?page_id=2"},"modified":"2024-08-15T17:07:55","modified_gmt":"2024-08-15T17:07:55","slug":"der-autor","status":"publish","type":"page","link":"https:\/\/buecher-books-libros.com\/es\/der-autor\/","title":{"rendered":"Der Autor"},"content":{"rendered":"<div data-elementor-type=\"wp-page\" data-elementor-id=\"2\" class=\"elementor elementor-2\" data-elementor-post-type=\"page\">\n\t\t\t\t<div class=\"elementor-element elementor-element-550ee529 e-flex e-con-boxed wpr-particle-no wpr-jarallax-no wpr-parallax-no wpr-sticky-section-no wpr-column-slider-no wpr-equal-height-no e-con e-parent\" data-id=\"550ee529\" data-element_type=\"container\" data-e-type=\"container\">\n\t\t\t\t\t<div class=\"e-con-inner\">\n\t\t\t\t<div class=\"elementor-element elementor-element-5573333 elementor-widget-divider--view-line elementor-widget elementor-widget-divider\" data-id=\"5573333\" data-element_type=\"widget\" data-e-type=\"widget\" data-widget_type=\"divider.default\">\n\t\t\t\t<div class=\"elementor-widget-container\">\n\t\t\t\t\t\t\t<div class=\"elementor-divider\">\n\t\t\t<span class=\"elementor-divider-separator\">\n\t\t\t\t\t\t<\/span>\n\t\t<\/div>\n\t\t\t\t\t\t<\/div>\n\t\t\t\t<\/div>\n\t\t\t\t\t<\/div>\n\t\t\t\t<\/div>\n\t\t<div class=\"elementor-element elementor-element-2cbd838 e-flex e-con-boxed wpr-particle-no wpr-jarallax-no wpr-parallax-no wpr-sticky-section-no wpr-column-slider-no wpr-equal-height-no e-con e-parent\" data-id=\"2cbd838\" data-element_type=\"container\" data-e-type=\"container\">\n\t\t\t\t\t<div class=\"e-con-inner\">\n\t\t\t\t<div class=\"elementor-element elementor-element-54a440d wpr-team-member-divider-center wpr-team-member-social-media-center elementor-widget elementor-widget-wpr-team-member\" data-id=\"54a440d\" data-element_type=\"widget\" data-e-type=\"widget\" data-widget_type=\"wpr-team-member.default\">\n\t\t\t\t<div class=\"elementor-widget-container\">\n\t\t\t\t\t\n\t<div class=\"wpr-team-member\">\n\t\t\t\t\t\n\t\t\t<div class=\"wpr-member-media\">\n\t\t\t\t<div class=\"wpr-member-image\">\n\t\t\t\t\t<img decoding=\"async\" src=\"https:\/\/buecher-books-libros.com\/wp-content\/uploads\/2023\/10\/639f17dd-1f98-4edb-943f-8ff900f25ab5.png\" alt=\"Stefan Jost\">\n\t\t\t\t<\/div>\n\t\t\t\t\t\t\t<\/div>\n\t\t\t\t\n\t\t\n\t\t<div class=\"wpr-member-content\">\n\t\t\t<h3 class=\"wpr-member-name\">Stefan Jost<\/h3>\n\t\t\t\t\t\t\t<div class=\"wpr-member-divider\"><\/div>\n\t\t\t\n\t\t\t\t\t\t\t<div class=\"wpr-member-job\">Blog-Autor<\/div>\n\t\t\t\n\t\t\t\n\t\t\t\t\t\t\t<div class=\"wpr-member-description\">\n<\/div>\n\t\t\t\t\t\t\n\t\t\t\t\t<\/div>\n\n\t\t\t<\/div>\n\n\t\t\t\t\t<\/div>\n\t\t\t\t<\/div>\n\t\t\t\t<div class=\"elementor-element elementor-element-3dfbcf0 elementor-widget elementor-widget-text-editor\" data-id=\"3dfbcf0\" data-element_type=\"widget\" data-e-type=\"widget\" data-widget_type=\"text-editor.default\">\n\t\t\t\t<div class=\"elementor-widget-container\">\n\t\t\t\t\t\t\t\t\t<h2 style=\"text-align: center;\"><em><strong><span style=\"color: #000000;\">Herzlich willkommen auf meinem Literaturblog!<\/span><\/strong><\/em><\/h2><p><span style=\"color: #000000;\">Mein Name ist Stefan Jost, von Kindesbeinen an ein B\u00fcchernarr und lange Jahre im Ausland beruflich unterwegs. Das hat den Blick auf andere L\u00e4nder und deren Literaturen erweitert. Seit Jahren hatte ich die Idee, meine Liebe und Begeisterung zu B\u00fcchern und der weiten Welt mit anderen Interessierten zu teilen.<\/span><br \/><span style=\"color: #000000;\">Aber wie das so ist mit den Ideen, manchmal dauert es, bis die Zeit daf\u00fcr reif ist.<\/span><\/p><p><span style=\"color: #000000;\">&#8222;B\u00fccher, books &amp; libros&#8220; &#8211; Der Titel ist Programm.<\/span><\/p><p><span style=\"color: #000000;\">Zum einen m\u00f6chte ich aus dem deutschen Sprachraum stammende oder auf deutsch erschienene B\u00fccher vorstellen.<\/span><br \/><span style=\"color: #000000;\">Einen gewissen Schwerpunkt m\u00f6chte ich daneben auf den spanischen und englischen Sprachraum legen. Beide sind, von den gro\u00dfen Namen und einigen jeweils dominierenden L\u00e4ndern abgesehen, eher unbekannt. Aber es gibt viel zu entdecken.<\/span><\/p><p><span style=\"color: #000000;\">Mein Interesse ist breit angelegt. Literatur, Sachb\u00fccher, Biographien, Geschichte, Politik, Religion, Philosophie (f\u00fcr Nicht-Philosophen), aber auch ein Krimi wird sicherlich ab und an mit dabei sein.<\/span><\/p><p><span style=\"color: #000000;\">Die letzten Jahre habe ich auch, nach anf\u00e4nglichem Widerstreben, denn es geht doch nichts \u00fcber ein Buch in der Hand, das H\u00f6rbuch als lohnenswerte Erg\u00e4nzung entdeckt.\u00a0<\/span><\/p><p><span style=\"color: #000000;\">Ich wage den Versuch wohl wissend, dass es nicht einfach ist, angesichts der Vielzahl von tollen Literaturblogs eine interessante und ansprechende Nische zu finden. Aber ich denke, einen Versuch ist es wert.<\/span><\/p><p><span style=\"color: #000000;\">Ich freue mich auf Euer feed-back und einen spannenden Austausch \u00fcber B\u00fccher.<\/span><\/p><p><span style=\"color: #000000;\">Herzlichen Gru\u00df<\/span><\/p>\t\t\t\t\t\t\t\t<\/div>\n\t\t\t\t<\/div>\n\t\t\t\t\t<\/div>\n\t\t\t\t<\/div>\n\t\t<div class=\"elementor-element elementor-element-581b7f2 e-flex e-con-boxed wpr-particle-no wpr-jarallax-no wpr-parallax-no wpr-sticky-section-no wpr-column-slider-no wpr-equal-height-no e-con e-parent\" data-id=\"581b7f2\" data-element_type=\"container\" data-e-type=\"container\">\n\t\t\t\t\t<div class=\"e-con-inner\">\n\t\t\t\t<div class=\"elementor-element elementor-element-fd86002 elementor-widget-divider--view-line elementor-widget elementor-widget-divider\" data-id=\"fd86002\" data-element_type=\"widget\" data-e-type=\"widget\" data-widget_type=\"divider.default\">\n\t\t\t\t<div class=\"elementor-widget-container\">\n\t\t\t\t\t\t\t<div class=\"elementor-divider\">\n\t\t\t<span class=\"elementor-divider-separator\">\n\t\t\t\t\t\t<\/span>\n\t\t<\/div>\n\t\t\t\t\t\t<\/div>\n\t\t\t\t<\/div>\n\t\t\t\t\t<\/div>\n\t\t\t\t<\/div>\n\t\t\t\t<\/div>","protected":false},"excerpt":{"rendered":"<p>Stefan Jost Blog-Autor Herzlich willkommen auf meinem Literaturblog! Mein Name ist Stefan Jost, von Kindesbeinen an ein B\u00fcchernarr und lange Jahre im Ausland beruflich unterwegs. Das hat den Blick auf andere L\u00e4nder und deren Literaturen erweitert. Seit Jahren hatte ich die Idee, meine Liebe und Begeisterung zu B\u00fcchern und der weiten Welt mit anderen Interessierten zu teilen.Aber wie das so ist mit den Ideen, manchmal dauert es, bis die Zeit daf\u00fcr reif ist. &#8222;B\u00fccher, books &amp; libros&#8220; &#8211; Der Titel ist Programm. Zum einen m\u00f6chte ich aus dem deutschen Sprachraum stammende oder auf deutsch erschienene B\u00fccher vorstellen.Einen gewissen Schwerpunkt m\u00f6chte ich daneben auf den spanischen und englischen Sprachraum legen. Beide sind, von den gro\u00dfen Namen und einigen jeweils dominierenden L\u00e4ndern abgesehen, eher unbekannt. Aber es gibt viel zu entdecken. Mein Interesse ist breit angelegt. Literatur, Sachb\u00fccher, Biographien, Geschichte, Politik, Religion, Philosophie (f\u00fcr Nicht-Philosophen), aber auch ein Krimi wird sicherlich ab und an mit dabei sein. Die letzten Jahre habe ich auch, nach anf\u00e4nglichem Widerstreben, denn es geht doch nichts \u00fcber ein Buch in der Hand, das H\u00f6rbuch als lohnenswerte Erg\u00e4nzung entdeckt.\u00a0 Ich wage den Versuch wohl wissend, dass es nicht einfach ist, angesichts der Vielzahl von tollen Literaturblogs eine interessante und ansprechende Nische zu finden. Aber ich denke, einen Versuch ist es wert. Ich freue mich auf Euer feed-back und einen spannenden Austausch \u00fcber B\u00fccher. Herzlichen Gru\u00df<\/p>","protected":false},"author":1,"featured_media":0,"parent":0,"menu_order":0,"comment_status":"closed","ping_status":"closed","template":"","meta":{"footnotes":""},"class_list":["post-2","page","type-page","status-publish","hentry"],"_links":{"self":[{"href":"https:\/\/buecher-books-libros.com\/es\/wp-json\/wp\/v2\/pages\/2"}],"collection":[{"href":"https:\/\/buecher-books-libros.com\/es\/wp-json\/wp\/v2\/pages"}],"about":[{"href":"https:\/\/buecher-books-libros.com\/es\/wp-json\/wp\/v2\/types\/page"}],"author":[{"embeddable":true,"href":"https:\/\/buecher-books-libros.com\/es\/wp-json\/wp\/v2\/users\/1"}],"replies":[{"embeddable":true,"href":"https:\/\/buecher-books-libros.com\/es\/wp-json\/wp\/v2\/comments?post=2"}],"version-history":[{"count":48,"href":"https:\/\/buecher-books-libros.com\/es\/wp-json\/wp\/v2\/pages\/2\/revisions"}],"predecessor-version":[{"id":1673,"href":"https:\/\/buecher-books-libros.com\/es\/wp-json\/wp\/v2\/pages\/2\/revisions\/1673"}],"wp:attachment":[{"href":"https:\/\/buecher-books-libros.com\/es\/wp-json\/wp\/v2\/media?parent=2"}],"curies":[{"name":"wp","href":"https:\/\/api.w.org\/{rel}","templated":true}]}}