{"id":145,"date":"2022-04-19T10:35:58","date_gmt":"2022-04-19T10:35:58","guid":{"rendered":"https:\/\/demosites.royal-elementor-addons.com\/personal-blog-v2\/?page_id=145"},"modified":"2024-05-12T11:30:07","modified_gmt":"2024-05-12T11:30:07","slug":"kontakt","status":"publish","type":"page","link":"https:\/\/buecher-books-libros.com\/es\/kontakt\/","title":{"rendered":"Kontakt"},"content":{"rendered":"\t\t<div data-elementor-type=\"wp-page\" data-elementor-id=\"145\" class=\"elementor elementor-145\" data-elementor-post-type=\"page\">\n\t\t\t\t<div class=\"elementor-element elementor-element-1ad7daa e-flex e-con-boxed wpr-particle-no wpr-jarallax-no wpr-parallax-no wpr-sticky-section-no wpr-column-slider-no wpr-equal-height-no e-con e-parent\" data-id=\"1ad7daa\" data-element_type=\"container\" data-e-type=\"container\">\n\t\t\t\t\t<div class=\"e-con-inner\">\n\t\t<div class=\"elementor-element elementor-element-e5711f5 e-con-full e-flex wpr-particle-no wpr-jarallax-no wpr-parallax-no wpr-sticky-section-no wpr-column-slider-no wpr-equal-height-no e-con e-child\" data-id=\"e5711f5\" data-element_type=\"container\" data-e-type=\"container\">\n\t\t\t\t<div class=\"elementor-element elementor-element-ee1570e elementor-widget elementor-widget-heading\" data-id=\"ee1570e\" data-element_type=\"widget\" data-e-type=\"widget\" data-widget_type=\"heading.default\">\n\t\t\t\t<div class=\"elementor-widget-container\">\n\t\t\t\t\t<h1 class=\"elementor-heading-title elementor-size-default\">Kontakt<\/h1>\t\t\t\t<\/div>\n\t\t\t\t<\/div>\n\t\t\t\t<div class=\"elementor-element elementor-element-20a6b96 elementor-widget elementor-widget-text-editor\" data-id=\"20a6b96\" data-element_type=\"widget\" data-e-type=\"widget\" data-widget_type=\"text-editor.default\">\n\t\t\t\t<div class=\"elementor-widget-container\">\n\t\t\t\t\t\t\t\t\t<p style=\"font-weight: 400;\">Wenn Sie mit mir Kontakt aufnehmen m\u00f6chten, f\u00fcllen Sie bitte das untenstehende Formular ausf\u00fcllen.<\/p><p style=\"font-weight: 400;\">Ich bitte um Verst\u00e4ndnis, dass ich aus zeitlichen Gr\u00fcnden unter Umst\u00e4nden nicht alle Anfragen beantworten kann.<\/p><p style=\"font-weight: 400;\"><strong>Rezensionsexemplare<\/strong><\/p><p style=\"font-weight: 400;\">F\u00fcr die Zusendung unverlangter B\u00fccher kann keine Besprechungsgarantie gegeben werden.<\/p><p style=\"font-weight: 400;\"><strong>Selbstpublishing-Titel:<\/strong><\/p><p style=\"font-weight: 400;\">Bitte keine Hinweise auf Selfpublishing-Titel zusenden.<\/p>\t\t\t\t\t\t\t\t<\/div>\n\t\t\t\t<\/div>\n\t\t\t\t<div class=\"elementor-element elementor-element-5787bb9 elementor-widget__width-inherit wpr-step-type-number_text wpr-step-content-layout-vertical wpr-custom-styles-yes elementor-widget elementor-widget-wpr-form-builder\" data-id=\"5787bb9\" data-element_type=\"widget\" data-e-type=\"widget\" data-settings=\"{&quot;button_width&quot;:{&quot;unit&quot;:&quot;%&quot;,&quot;size&quot;:24,&quot;sizes&quot;:[]},&quot;success_message&quot;:&quot;Submission successful&quot;,&quot;error_message&quot;:&quot;Submission failed&quot;,&quot;button_width_tablet&quot;:{&quot;unit&quot;:&quot;px&quot;,&quot;size&quot;:&quot;&quot;,&quot;sizes&quot;:[]},&quot;button_width_mobile&quot;:{&quot;unit&quot;:&quot;px&quot;,&quot;size&quot;:&quot;&quot;,&quot;sizes&quot;:[]},&quot;step_type&quot;:&quot;number_text&quot;,&quot;step_content_layout&quot;:&quot;vertical&quot;}\" data-widget_type=\"wpr-form-builder.default\">\n\t\t\t\t<div class=\"elementor-widget-container\">\n\t\t\t\t\t\t\t<form class=\"wpr-form\" method=\"post\" name=\"New Form\" page=\"Kontakt\" page_id=\"145\" novalidate>\n\t\t\t<input type=\"hidden\" name=\"post_id\" value=\"145\"\/>\n\t\t\t<input type=\"hidden\" name=\"form_id\" value=\"5787bb9\"\/>\n\t\t\t<input type=\"hidden\" name=\"referer_title\" value=\"\" \/>\n\n\t\t\t<div class=\"wpr-step-wrap\"><\/div>\n\t\t\t<div class=\"wpr-form-fields-wrap wpr-labels-above\">\n\t\t\t\t\t\t\t\t\t<div class=\"wpr-form-field-type-text wpr-field-group wpr-column wpr-field-group-Ihr Name elementor-repeater-item-e4e7a15 wpr-form-field-required\">\n\t\t\t\t\t\t\t\t\t\t\t\t\t\t<label for=\"form-field-Ihr Name\" class=\"wpr-form-field-label\" data-alt-label=\"Ihr Name\">\n\t\t\t\t\t\t\t\t\tIhr Name\t\t\t\t\t\t\t\t<\/label>\n\t\t\t\t\t\t\t<input size=\"1 \"type=\"text\" name=\"form_fields[Ihr Name]\" id=\"form-field-Ihr Name\" class=\"wpr-form-field  wpr-form-field-textual\" placeholder=\"Ihr Name\" required=\"required\" aria-required=\"true\">\t\t\t\t\t<\/div>\n\t\t\t\t\t\t\t\t\t<div class=\"wpr-form-field-type-email wpr-field-group wpr-column wpr-field-group-Ihre Mail-Adresse elementor-repeater-item-acc7a69 wpr-form-field-required\">\n\t\t\t\t\t\t\t\t\t\t\t\t\t\t<label for=\"form-field-Ihre Mail-Adresse\" class=\"wpr-form-field-label\" data-alt-label=\"Ihre Mail-Adresse\">\n\t\t\t\t\t\t\t\t\tIhre Mail-Adresse\t\t\t\t\t\t\t\t<\/label>\n\t\t\t\t\t\t\t<input size=\"1 \"type=\"email\" name=\"form_fields[Ihre Mail-Adresse]\" id=\"form-field-Ihre Mail-Adresse\" class=\"wpr-form-field  wpr-form-field-textual\" placeholder=\"Ihre Mail-Adresse\" required=\"required\" aria-required=\"true\">\t\t\t\t\t<\/div>\n\t\t\t\t\t\t\t\t\t<div class=\"wpr-form-field-type-textarea wpr-field-group wpr-column wpr-field-group-Ihre Nachricht    elementor-repeater-item-dd94a00 wpr-form-field-required\">\n\t\t\t\t\t\t\t\t\t\t\t\t\t\t<label for=\"form-field-Ihre Nachricht   \" class=\"wpr-form-field-label\" data-alt-label=\"Ihre Nachricht   \">\n\t\t\t\t\t\t\t\t\tIhre Nachricht   \t\t\t\t\t\t\t\t<\/label>\n\t\t\t\t\t\t\t<textarea class=\"wpr-form-field-textual wpr-form-field \" name=\"form_fields[Ihre Nachricht   ]\" id=\"form-field-Ihre Nachricht   \" rows=\"8\" placeholder=\"Ihre Nachricht   \" required=\"required\" aria-required=\"true\"><\/textarea>\t\t\t\t\t<\/div>\n\t\t\t\t<div class=\"wpr-field-group wpr-stp-btns-wrap wpr-column wpr-form-field-type-submit\" data-actions=\"[&quot;email&quot;]\" data-redirect-url=\"\" data-mailchimp-fields=\"{&quot;email_field&quot;:&quot;&quot;,&quot;first_name_field&quot;:&quot;&quot;,&quot;last_name_field&quot;:&quot;&quot;,&quot;address_field&quot;:&quot;&quot;,&quot;phone_field&quot;:&quot;&quot;,&quot;birthday_field&quot;:&quot;&quot;,&quot;group_id&quot;:&quot;&quot;}\" data-list-id=\"\">\t\t\t<button type=\"submit\" class=\"wpr-button\">\n\t\t\t\t<span >\n\t\t\t\t\t\t\t\t\t\t\t\t\t\t\t\t<span>Senden<\/span>\n\t\t\t\t\t\t\t\t\t\t\t\t\t\t<\/span>\t\n\t\t\t\t<div class=\"wpr-double-bounce wpr-loader-hidden\">\n\t\t\t\t\t<div class=\"wpr-child wpr-double-bounce1\"><\/div>\n\t\t\t\t\t<div class=\"wpr-child wpr-double-bounce2\"><\/div>\n\t\t\t\t<\/div>\n\t\t\t<\/button>\n\t\t<\/div>\t\t\t\t\n\t\t\t<\/div>\n\t\t<\/form>\n\t  \t\t\t\t<\/div>\n\t\t\t\t<\/div>\n\t\t\t\t<\/div>\n\t\t\t\t<div class=\"elementor-element elementor-element-74d1da1 elementor-widget elementor-widget-spacer\" data-id=\"74d1da1\" data-element_type=\"widget\" data-e-type=\"widget\" data-widget_type=\"spacer.default\">\n\t\t\t\t<div class=\"elementor-widget-container\">\n\t\t\t\t\t\t\t<div class=\"elementor-spacer\">\n\t\t\t<div class=\"elementor-spacer-inner\"><\/div>\n\t\t<\/div>\n\t\t\t\t\t\t<\/div>\n\t\t\t\t<\/div>\n\t\t<div class=\"elementor-element elementor-element-fb3dfb1 e-con-full e-flex wpr-particle-no wpr-jarallax-no wpr-parallax-no wpr-sticky-section-no wpr-column-slider-no wpr-equal-height-no e-con e-child\" data-id=\"fb3dfb1\" data-element_type=\"container\" data-e-type=\"container\" data-settings=\"{&quot;background_background&quot;:&quot;classic&quot;}\">\n\t\t\t\t<div class=\"elementor-element elementor-element-417771a elementor-invisible elementor-widget elementor-widget-image\" data-id=\"417771a\" data-element_type=\"widget\" data-e-type=\"widget\" data-settings=\"{&quot;_animation&quot;:&quot;zoomIn&quot;}\" data-widget_type=\"image.default\">\n\t\t\t\t<div class=\"elementor-widget-container\">\n\t\t\t\t\t\t\t\t\t\t\t\t\t\t\t<img decoding=\"async\" src=\"https:\/\/buecher-books-libros.com\/wp-content\/uploads\/elementor\/thumbs\/Untitled-design-5-qfrkqinnr3xfdvotf9yqcggmqxvjscslkpk0yegxgg.png\" title=\"Untitled design (5)\" alt=\"Untitled design (5)\" loading=\"lazy\" \/>\t\t\t\t\t\t\t\t\t\t\t\t\t\t\t<\/div>\n\t\t\t\t<\/div>\n\t\t\t\t<\/div>\n\t\t\t\t\t<\/div>\n\t\t\t\t<\/div>\n\t\t<div class=\"elementor-element elementor-element-ae192f6 e-flex e-con-boxed wpr-particle-no wpr-jarallax-no wpr-parallax-no wpr-sticky-section-no wpr-column-slider-no wpr-equal-height-no e-con e-parent\" data-id=\"ae192f6\" data-element_type=\"container\" data-e-type=\"container\">\n\t\t\t\t\t<div class=\"e-con-inner\">\n\t\t\t\t\t<\/div>\n\t\t\t\t<\/div>\n\t\t\t\t<\/div>\n\t\t","protected":false},"excerpt":{"rendered":"<p>Kontakt Wenn Sie mit mir Kontakt aufnehmen m\u00f6chten, f\u00fcllen Sie bitte das untenstehende Formular ausf\u00fcllen. Ich bitte um Verst\u00e4ndnis, dass ich aus zeitlichen Gr\u00fcnden unter Umst\u00e4nden nicht alle Anfragen beantworten kann. Rezensionsexemplare F\u00fcr die Zusendung unverlangter B\u00fccher kann keine Besprechungsgarantie gegeben werden. Selbstpublishing-Titel: Bitte keine Hinweise auf Selfpublishing-Titel zusenden. Ihr Name Ihre Mail-Adresse Ihre Nachricht Senden<\/p>","protected":false},"author":1,"featured_media":0,"parent":0,"menu_order":0,"comment_status":"closed","ping_status":"closed","template":"elementor_canvas","meta":{"footnotes":""},"class_list":["post-145","page","type-page","status-publish","hentry"],"_links":{"self":[{"href":"https:\/\/buecher-books-libros.com\/es\/wp-json\/wp\/v2\/pages\/145"}],"collection":[{"href":"https:\/\/buecher-books-libros.com\/es\/wp-json\/wp\/v2\/pages"}],"about":[{"href":"https:\/\/buecher-books-libros.com\/es\/wp-json\/wp\/v2\/types\/page"}],"author":[{"embeddable":true,"href":"https:\/\/buecher-books-libros.com\/es\/wp-json\/wp\/v2\/users\/1"}],"replies":[{"embeddable":true,"href":"https:\/\/buecher-books-libros.com\/es\/wp-json\/wp\/v2\/comments?post=145"}],"version-history":[{"count":87,"href":"https:\/\/buecher-books-libros.com\/es\/wp-json\/wp\/v2\/pages\/145\/revisions"}],"predecessor-version":[{"id":1339,"href":"https:\/\/buecher-books-libros.com\/es\/wp-json\/wp\/v2\/pages\/145\/revisions\/1339"}],"wp:attachment":[{"href":"https:\/\/buecher-books-libros.com\/es\/wp-json\/wp\/v2\/media?parent=145"}],"curies":[{"name":"wp","href":"https:\/\/api.w.org\/{rel}","templated":true}]}}